{"id":11,"date":"2015-09-01T17:16:09","date_gmt":"2015-09-01T17:16:09","guid":{"rendered":"http:\/\/50porcentodedesconto.com.br\/?page_id=11"},"modified":"2019-05-13T14:35:18","modified_gmt":"2019-05-13T14:35:18","slug":"a-empresa","status":"publish","type":"page","link":"https:\/\/mtdiesel.com.br\/?page_id=11","title":{"rendered":"A empresa"},"content":{"rendered":"<h3><b><span class=\"fs23 ff1\"><i>Venha se encantar com a<\/i><\/span><span class=\"fs23 ff2\">\u00a0<\/span><\/b><b><span class=\"fs28 cf1 ff3\">MT<\/span><\/b><b><span class=\"fs28 ff3\">\u00a0<\/span><\/b><b><span class=\"fs28 cf2 ff3\">Diesel<\/span><\/b><\/h3>\n<p><i class=\"fs14\">Bem-vindo ao Grupo MT Diesel! Nosso sucesso \u00e9 impulsionado pelo servi\u00e7o de alta qualidade prestado para nossos clientes. Podemos satisfazer com excel\u00eancia mesmo os clientes mais exigentes; N\u00e3o h\u00e1 tarefas complexas para n\u00f3s! Obrigado por sua escolha! Nossa empresa pode ostentar a reputa\u00e7\u00e3o do parceiro confi\u00e1vel conhecido em toda regi\u00e3o.<\/i><\/p>\n<p><i class=\"fs14\">Estamos orgulhosos da qualidade do servi\u00e7o que prestamos! Obrigado por visitar o nosso site! Voc\u00ea est\u00e1 no lugar certo! Estamos focados em fornecer solu\u00e7\u00f5es eficientes e servi\u00e7os para clientes em todo a regi\u00e3o Norte e Sudoeste Mato Grossense. Colocando os interesses dos nossos clientes em primeiro lugar, trabalhamos duro para superar suas expectativas.<\/i><\/p>\n<p><i class=\"fs14\">A MT Diesel e composta com 5 base de distribui\u00e7\u00e3o de Diesel colocada em ponto estrat\u00e9gico que est\u00e3o localizada em Pontes e Lacerda, Campos de J\u00falio, Sapezal, Campo Novo do Parecis e Deciolandia.<\/i><\/p>\n<p>&nbsp;<\/p>\n<ul>\n<li>\n<div><span class=\"ff2\"><b><span class=\"fs17\"><i>MISS\u00c3O\u200b\u200b\u200b\u200b\u200b\u200b\u200b<\/i><\/span><\/b><\/span><\/div>\n<div>\n<p><span class=\"fs14 ff2\"><i>\u00a0Desenvolver neg\u00f3cios que sejam sustent\u00e1veis, efetivos e confi\u00e1veis, e que superem positivamente as expectativas de todos os interessados. Sustentamos nosso prop\u00f3sito atrav\u00e9s da dedica\u00e7\u00e3o das pessoas, da qualidade dos produtos, da excel\u00eancia dos processos e da satisfa\u00e7\u00e3o de nossos clientes internos e externos.<\/i><\/span><\/p>\n<p>&nbsp;<\/p>\n<\/div>\n<\/li>\n<li><span class=\"fs17 ff1\"><i><b>\u00a0VIS\u00c3O\u200b\u200b\u200b\u200b\u200b\u200b\u200b<br \/>\n<\/b><\/i><\/span><i><i>Ser uma refer\u00eancia empresarial, \u00a0sendo reconhecido pela For\u00e7a de nossa marca, pela Rede consolidada e controlada de distribuidores e pela satisfa\u00e7\u00e3o de nossos clientes, colaboradores e parceiros.<\/i><\/i><\/li>\n<\/ul>\n<p>&nbsp;<\/p>\n<ul>\n<li>\n<div><b class=\"fs11\"><span class=\"fs17 ff1\"><i>VALORES\u200b\u200b\u200b\u200b\u200b\u200b\u200b<\/i><\/span><\/b><\/div>\n<div>\n<p><span class=\"fs14 ff1\"><i>Relacionamentos baseados na confian\u00e7a e na honestidade; \u00c9tica e a transpar\u00eancia; Comprometidos com o resultado e pela excel\u00eancia em tudo o que fazemos; Autonomia do indiv\u00edduo e responsabilidade dos atos; Respeitamos e valorizamos a seguran\u00e7a e o meio ambiente.<\/i><\/span><\/p>\n<\/div>\n<p>&nbsp;<\/li>\n<li>\n<div>\n<p><b class=\"fs11\"><span class=\"fs17 ff1\"><i>POL\u00cdTICA DA QUALIDADE<\/i><\/span><\/b><\/p>\n<\/div>\n<div><span class=\"fs14 ff1\"><i>A MT Diesel estabelece as diretrizes necess\u00e1rias para monitorar e promover a melhoria cont\u00ednua necess\u00e1ria ao desenvolvimento dos neg\u00f3cios. Com sua aplica\u00e7\u00e3o, a MT Diesel busca atender positivamente a expectativa de todos os interessados.<\/i><\/span><\/div>\n<\/li>\n<\/ul>\n","protected":false},"excerpt":{"rendered":"<p>Venha se encantar com a\u00a0MT\u00a0Diesel Bem-vindo ao Grupo MT Diesel! Nosso sucesso \u00e9 impulsionado pelo servi\u00e7o de alta qualidade prestado para nossos clientes. Podemos [&hellip;]<\/p>\n","protected":false},"author":1,"featured_media":0,"parent":0,"menu_order":0,"comment_status":"closed","ping_status":"closed","template":"","meta":{"footnotes":""},"class_list":["post-11","page","type-page","status-publish","hentry"],"_links":{"self":[{"href":"https:\/\/mtdiesel.com.br\/index.php?rest_route=\/wp\/v2\/pages\/11","targetHints":{"allow":["GET"]}}],"collection":[{"href":"https:\/\/mtdiesel.com.br\/index.php?rest_route=\/wp\/v2\/pages"}],"about":[{"href":"https:\/\/mtdiesel.com.br\/index.php?rest_route=\/wp\/v2\/types\/page"}],"author":[{"embeddable":true,"href":"https:\/\/mtdiesel.com.br\/index.php?rest_route=\/wp\/v2\/users\/1"}],"replies":[{"embeddable":true,"href":"https:\/\/mtdiesel.com.br\/index.php?rest_route=%2Fwp%2Fv2%2Fcomments&post=11"}],"version-history":[{"count":7,"href":"https:\/\/mtdiesel.com.br\/index.php?rest_route=\/wp\/v2\/pages\/11\/revisions"}],"predecessor-version":[{"id":238,"href":"https:\/\/mtdiesel.com.br\/index.php?rest_route=\/wp\/v2\/pages\/11\/revisions\/238"}],"wp:attachment":[{"href":"https:\/\/mtdiesel.com.br\/index.php?rest_route=%2Fwp%2Fv2%2Fmedia&parent=11"}],"curies":[{"name":"wp","href":"https:\/\/api.w.org\/{rel}","templated":true}]}}